{"id":324,"date":"2024-08-19T15:06:00","date_gmt":"2024-08-19T15:06:00","guid":{"rendered":"https:\/\/casaelbarba.com\/politica-de-cookies\/"},"modified":"2024-08-19T15:06:00","modified_gmt":"2024-08-19T15:06:00","slug":"politica-de-cookies","status":"publish","type":"page","link":"https:\/\/casaelbarba.com\/en\/politica-de-cookies\/","title":{"rendered":"Cookie Policy"},"content":{"rendered":"<h2>What are cookies?<\/h2>\n\n<p>\n\tIn English, the term &quot;cookie&quot; means cookie, but in the context of web browsing, a cookie is something entirely different. When you access our Website, a small amount of text called a &quot;cookie&quot; is stored in your device&#039;s browser. This text contains various information about your browsing habits, preferences, content customizations, etc.\n<\/p>\n\n<p>\n\tThere are other technologies that function similarly and are also used to collect data about your browsing activity. We&#039;ll collectively refer to all of these technologies as &quot;cookies.&quot;\n<\/p>\n\n<p>\n\tOur specific uses of these technologies are described in this document.\n<\/p>\n\n<h2>What are cookies used for on this website?<\/h2>\n\n<p>\n\tCookies are an essential part of how the Website works. The main purpose of our cookies is to improve your browsing experience. For example, to remember your preferences (language, country, etc.) during browsing and on future visits. The information collected in cookies also allows us to improve the website, tailor it to your interests as a user, speed up your searches, etc.\n<\/p>\n\n<p>\n\tIn certain cases, if we have obtained your prior informed consent, we may use cookies for other purposes, such as obtaining information that allows us to show you advertising based on an analysis of your browsing habits.\n<\/p>\n\n<h2>Why are cookies NOT used on this website?<\/h2>\n\n<p>\n\tThe cookies we use do not store sensitive personal information such as your name, address, password, etc.\n<\/p>\n\n<h2>Who uses the information stored in cookies?<\/h2>\n\n<p>\n\tThe information stored in the cookies on our Website is used exclusively by us, with the exception of those identified below as &quot;third-party cookies,&quot; which are used and managed by external entities that provide us with services that enhance the user experience. For example, the statistics collected on the number of visits, most liked content, etc., are usually managed by Google Analytics.\n<\/p>\n\n\n\n<h2>How can you avoid the use of cookies on this Website?<\/h2>\n\n<p>\n\tIf you prefer to avoid the use of cookies, you can REJECT their use or you can CONFIGURE which ones you want to avoid and which ones you allow (in this document we give you detailed information about each type of cookie, its purpose, recipient, duration, etc.).\n<\/p>\n\n<p>\n\tIf you have accepted, we will not ask you again unless you delete the cookies on your device as indicated in the following section. If you wish to revoke your consent, you will need to delete the cookies and configure them again.\n<\/p>\n\n\n<h2>How do I disable and delete the use of cookies?<\/h2>\n\n\n\n<p>\n\tTo restrict, block, or delete cookies from this Website (and those used by third parties), you can do so at any time by modifying your browser settings. Please note that these settings vary depending on your browser.\n<\/p>\n\n<p> \n  In the following links you will find instructions on how to enable or disable cookies in the most common browsers.\n<\/p>\n\n<p>\n  <ul>\n    <li><a rel=\"nofollow\" target=\"_blank\" href=\"http:\/\/support.mozilla.org\/es\/kb\/habilitar-y-deshabilitar-cookies-que-los-sitios-we\">Firefox<\/a><\/li>\n    <li><a target=\"_blank\" rel=\"noopener noreferrer nofollow\" href=\"https:\/\/support.google.com\/chrome\/answer\/95647?hl=es\">Google Chrome<\/a><\/li>\n    <li><a target=\"_blank\" rel=\"noopener noreferrer nofollow\" href='https:\/\/support.microsoft.com\/es-es\/help\/17442\/windows-internet-explorer-delete-manage-cookies#ie=\"ie-10'>Internet Explorer<\/a><\/li>\n    <li><a target=\"_blank\" rel=\"noopener noreferrer nofollow\" href='https:\/\/support.microsoft.com\/es-es\/help\/4468242\/microsoft-edge-browsing-data-and-privacy'>Microsoft Edge<\/a><\/li>\n    <li><a rel=\"nofollow\" target=\"_blank\" href=\"http:\/\/support.apple.com\/kb\/HT1677?viewlocale=es_ES\">Safari<\/a><\/li>\n  <\/ul>\n<\/p>\n\n\n<h2>What types of cookies are used on this website?<\/h2>\n\n<p>\n\tEach website uses its own cookies. We use the following cookies on our website:\n<\/p>\n\n<p>\n\t<b>ACCORDING TO THE ENTITY THAT MANAGES IT<\/b>\n<\/p>\n\n<p>\n\t<b>Own cookies:<\/b>\n<\/p>\n\n<p>\n\tThese are those sent to the User&#039;s terminal equipment from a computer or domain managed by the publisher itself and from which the service requested by the User is provided.\n<\/p>\n\n<p>\n\t<b>Third-party cookies:<\/b>\n<\/p>\n\n<p>\n\tThese are cookies that are sent to the User&#039;s terminal equipment from a computer or domain that is not managed by the publisher, but by another entity that processes the data obtained through the cookies.\n<\/p>\n\n<p>\n\tIn the event that cookies are served from a computer or domain managed by the publisher itself, but the information collected through them is managed by a third party, they cannot be considered first-party cookies if the third party uses them for its own purposes (for example, improving the services it provides or providing advertising services to other entities).\n<\/p>\n\n<p>\n\t<b>ACCORDING TO ITS PURPOSE<\/b>\n<\/p>\n\n<p>\n\t<b>Technical cookies:<\/b>\n<\/p>\n\n<p>\n\tThese are necessary for the navigation and proper functioning of our Website, such as controlling traffic and data communication, identifying the session, accessing restricted areas, processing registration or event participation requests, counting visits for the purpose of billing software licenses that power the Website service, using security elements while browsing, storing content for the broadcast of videos or sound, enabling dynamic content (for example, animation of loading a text or image).\n<\/p>\n\n<p>\n\t<b>Analysis cookies:<\/b>\n<\/p>\n\n<p>\n\tThey allow the number of users to be quantified and thus carry out statistical measurement and analysis of how users use the Website. \n<\/p>\n\n<p>\n\t<b>Preference or customization cookies:<\/b>\n<\/p>\n\n<p>\n\tThese cookies allow information to be remembered so that the User accesses the service with certain characteristics that may differentiate their experience from that of other users, such as, for example, the language, the number of results to be displayed when the User performs a search, the appearance or content of the service depending on the type of browser through which the User accesses the service or the region from which they access the service, etc.\n<\/p>\n\n\n\n<p>\n\t<b>ACCORDING TO THE PERIOD OF TIME THEY REMAIN ACTIVATED<\/b>\n<\/p>\n\n<p>\n\t<b>Session cookies:<\/b>\n<\/p>\n\n<p>\n\tThese are designed to collect and store data while the User accesses a web page.\n<\/p>\n\n<p>\n\tThey are usually used to store information that is only needed to provide the service requested by the User on a single occasion (for example, a list of purchased products) and disappear at the end of the session.\n<\/p>\n\n<p>\n\t<b>Persistent cookies:<\/b>\n<\/p>\n\n<p>\n\tThese are cookies in which the data remains stored on the terminal and can be accessed and processed for a period defined by the cookie controller, which can range from a few minutes to several years. In this regard, a specific assessment must be made of whether the use of persistent cookies is necessary, since privacy risks could be reduced by using session cookies. In any case, when persistent cookies are installed, it is recommended that their duration be reduced to the minimum necessary, taking into account their purpose. For these purposes, Opinion 4\/2012 of the WP29 indicated that for a cookie to be exempt from the obligation of informed consent, its expiration must be related to its purpose. Therefore, session cookies are much more likely to be considered exempt than persistent cookies.\n<\/p>\n\n\n<p>\n\t<b>Details of cookies used on this website:<\/b>\n<\/p>","protected":false},"excerpt":{"rendered":"<p>\u00bfQu\u00e9 son las cookies? En ingl\u00e9s, el t\u00e9rmino &quot;cookie&quot; significa galleta, pero en el \u00e1mbito de la navegaci\u00f3n web, una &quot;cookie&quot; es algo completamente distinto. Cuando accede a nuestro Sitio Web, en el navegador de su dispositivo se almacena una peque\u00f1a cantidad de texto que se denomina &quot;cookie&quot;. Este texto contiene informaci\u00f3n variada sobre su [&hellip;]<\/p>\n","protected":false},"author":1,"featured_media":0,"parent":0,"menu_order":0,"comment_status":"closed","ping_status":"closed","template":"","meta":{"_kad_blocks_custom_css":"","_kad_blocks_head_custom_js":"","_kad_blocks_body_custom_js":"","_kad_blocks_footer_custom_js":"","footnotes":""},"class_list":["post-324","page","type-page","status-publish","hentry"],"blocksy_meta":[],"yoast_head":"<!-- This site is optimized with the Yoast SEO plugin v27.0 - https:\/\/yoast.com\/product\/yoast-seo-wordpress\/ -->\n<title>Pol\u00edtica de Cookies - Restaurante Casa El Barba<\/title>\n<meta name=\"robots\" content=\"index, follow, max-snippet:-1, max-image-preview:large, max-video-preview:-1\" \/>\n<link rel=\"canonical\" href=\"https:\/\/casaelbarba.com\/en\/politica-de-cookies\/\" \/>\n<meta property=\"og:locale\" content=\"en_GB\" \/>\n<meta property=\"og:type\" content=\"article\" \/>\n<meta property=\"og:title\" content=\"Pol\u00edtica de Cookies - Restaurante Casa El Barba\" \/>\n<meta property=\"og:description\" content=\"\u00bfQu\u00e9 son las cookies? En ingl\u00e9s, el t\u00e9rmino &quot;cookie&quot; significa galleta, pero en el \u00e1mbito de la navegaci\u00f3n web, una &quot;cookie&quot; es algo completamente distinto. Cuando accede a nuestro Sitio Web, en el navegador de su dispositivo se almacena una peque\u00f1a cantidad de texto que se denomina &quot;cookie&quot;. Este texto contiene informaci\u00f3n variada sobre su [&hellip;]\" \/>\n<meta property=\"og:url\" content=\"https:\/\/casaelbarba.com\/en\/politica-de-cookies\/\" \/>\n<meta property=\"og:site_name\" content=\"Restaurante en Papagayo - Lanzarote | Casa El Barba\" \/>\n<meta property=\"article:publisher\" content=\"https:\/\/www.facebook.com\/profile.php?id=100063648904765\" \/>\n<meta property=\"og:image\" content=\"https:\/\/casaelbarba.com\/wp-content\/uploads\/2024\/08\/182641-restaurante-papagayo-lanzarote-1.jpg\" \/>\n\t<meta property=\"og:image:width\" content=\"1920\" \/>\n\t<meta property=\"og:image:height\" content=\"992\" \/>\n\t<meta property=\"og:image:type\" content=\"image\/jpeg\" \/>\n<meta name=\"twitter:card\" content=\"summary_large_image\" \/>\n<script type=\"application\/ld+json\" class=\"yoast-schema-graph\">{\"@context\":\"https:\/\/schema.org\",\"@graph\":[{\"@type\":\"WebPage\",\"@id\":\"https:\/\/casaelbarba.com\/politica-de-cookies\/\",\"url\":\"https:\/\/casaelbarba.com\/politica-de-cookies\/\",\"name\":\"Pol\u00edtica de Cookies - Restaurante Casa El Barba\",\"isPartOf\":{\"@id\":\"https:\/\/casaelbarba.com\/#website\"},\"datePublished\":\"2024-08-19T15:06:00+00:00\",\"breadcrumb\":{\"@id\":\"https:\/\/casaelbarba.com\/politica-de-cookies\/#breadcrumb\"},\"inLanguage\":\"en-GB\",\"potentialAction\":[{\"@type\":\"ReadAction\",\"target\":[\"https:\/\/casaelbarba.com\/politica-de-cookies\/\"]}]},{\"@type\":\"BreadcrumbList\",\"@id\":\"https:\/\/casaelbarba.com\/politica-de-cookies\/#breadcrumb\",\"itemListElement\":[{\"@type\":\"ListItem\",\"position\":1,\"name\":\"Portada\",\"item\":\"https:\/\/casaelbarba.com\/\"},{\"@type\":\"ListItem\",\"position\":2,\"name\":\"Pol\u00edtica de Cookies\"}]},{\"@type\":\"WebSite\",\"@id\":\"https:\/\/casaelbarba.com\/#website\",\"url\":\"https:\/\/casaelbarba.com\/\",\"name\":\"Restaurante en Papagayo - Lanzarote | Casa El Barba\",\"description\":\"Experiencia \u00fanica en la Playa de Papagayo, Lanzarote. Disfruta de este enclave magico en Restaurante Casa El Barba.\",\"publisher\":{\"@id\":\"https:\/\/casaelbarba.com\/#organization\"},\"alternateName\":\"Retaurante Casa El Barba en Papagayo, Lanzarote\",\"potentialAction\":[{\"@type\":\"SearchAction\",\"target\":{\"@type\":\"EntryPoint\",\"urlTemplate\":\"https:\/\/casaelbarba.com\/?s={search_term_string}\"},\"query-input\":{\"@type\":\"PropertyValueSpecification\",\"valueRequired\":true,\"valueName\":\"search_term_string\"}}],\"inLanguage\":\"en-GB\"},{\"@type\":\"Organization\",\"@id\":\"https:\/\/casaelbarba.com\/#organization\",\"name\":\"Restaurante Casa El Barba\",\"alternateName\":\"Casa El Barba\",\"url\":\"https:\/\/casaelbarba.com\/\",\"logo\":{\"@type\":\"ImageObject\",\"inLanguage\":\"en-GB\",\"@id\":\"https:\/\/casaelbarba.com\/#\/schema\/logo\/image\/\",\"url\":\"https:\/\/casaelbarba.com\/wp-content\/uploads\/2024\/08\/img12.jpg\",\"contentUrl\":\"https:\/\/casaelbarba.com\/wp-content\/uploads\/2024\/08\/img12.jpg\",\"width\":483,\"height\":505,\"caption\":\"Restaurante Casa El Barba\"},\"image\":{\"@id\":\"https:\/\/casaelbarba.com\/#\/schema\/logo\/image\/\"},\"sameAs\":[\"https:\/\/www.facebook.com\/profile.php?id=100063648904765\",\"https:\/\/www.instagram.com\/restaurantecasaelbarba\"]}]}<\/script>\n<!-- \/ Yoast SEO plugin. -->","yoast_head_json":{"title":"Pol\u00edtica de Cookies - Restaurante Casa El Barba","robots":{"index":"index","follow":"follow","max-snippet":"max-snippet:-1","max-image-preview":"max-image-preview:large","max-video-preview":"max-video-preview:-1"},"canonical":"https:\/\/casaelbarba.com\/en\/politica-de-cookies\/","og_locale":"en_GB","og_type":"article","og_title":"Pol\u00edtica de Cookies - Restaurante Casa El Barba","og_description":"\u00bfQu\u00e9 son las cookies? En ingl\u00e9s, el t\u00e9rmino &quot;cookie&quot; significa galleta, pero en el \u00e1mbito de la navegaci\u00f3n web, una &quot;cookie&quot; es algo completamente distinto. Cuando accede a nuestro Sitio Web, en el navegador de su dispositivo se almacena una peque\u00f1a cantidad de texto que se denomina &quot;cookie&quot;. Este texto contiene informaci\u00f3n variada sobre su [&hellip;]","og_url":"https:\/\/casaelbarba.com\/en\/politica-de-cookies\/","og_site_name":"Restaurante en Papagayo - Lanzarote | Casa El Barba","article_publisher":"https:\/\/www.facebook.com\/profile.php?id=100063648904765","og_image":[{"width":1920,"height":992,"url":"https:\/\/casaelbarba.com\/wp-content\/uploads\/2024\/08\/182641-restaurante-papagayo-lanzarote-1.jpg","type":"image\/jpeg"}],"twitter_card":"summary_large_image","schema":{"@context":"https:\/\/schema.org","@graph":[{"@type":"WebPage","@id":"https:\/\/casaelbarba.com\/politica-de-cookies\/","url":"https:\/\/casaelbarba.com\/politica-de-cookies\/","name":"Pol\u00edtica de Cookies - Restaurante Casa El Barba","isPartOf":{"@id":"https:\/\/casaelbarba.com\/#website"},"datePublished":"2024-08-19T15:06:00+00:00","breadcrumb":{"@id":"https:\/\/casaelbarba.com\/politica-de-cookies\/#breadcrumb"},"inLanguage":"en-GB","potentialAction":[{"@type":"ReadAction","target":["https:\/\/casaelbarba.com\/politica-de-cookies\/"]}]},{"@type":"BreadcrumbList","@id":"https:\/\/casaelbarba.com\/politica-de-cookies\/#breadcrumb","itemListElement":[{"@type":"ListItem","position":1,"name":"Portada","item":"https:\/\/casaelbarba.com\/"},{"@type":"ListItem","position":2,"name":"Pol\u00edtica de Cookies"}]},{"@type":"WebSite","@id":"https:\/\/casaelbarba.com\/#website","url":"https:\/\/casaelbarba.com\/","name":"Restaurant in Papagayo - Lanzarote | Casa El Barba","description":"A unique experience on Papagayo Beach, Lanzarote. Enjoy this magical spot at Casa El Barba Restaurant.","publisher":{"@id":"https:\/\/casaelbarba.com\/#organization"},"alternateName":"Retaurante Casa El Barba en Papagayo, Lanzarote","potentialAction":[{"@type":"SearchAction","target":{"@type":"EntryPoint","urlTemplate":"https:\/\/casaelbarba.com\/?s={search_term_string}"},"query-input":{"@type":"PropertyValueSpecification","valueRequired":true,"valueName":"search_term_string"}}],"inLanguage":"en-GB"},{"@type":"Organization","@id":"https:\/\/casaelbarba.com\/#organization","name":"The Beard House Restaurant","alternateName":"Casa El Barba","url":"https:\/\/casaelbarba.com\/","logo":{"@type":"ImageObject","inLanguage":"en-GB","@id":"https:\/\/casaelbarba.com\/#\/schema\/logo\/image\/","url":"https:\/\/casaelbarba.com\/wp-content\/uploads\/2024\/08\/img12.jpg","contentUrl":"https:\/\/casaelbarba.com\/wp-content\/uploads\/2024\/08\/img12.jpg","width":483,"height":505,"caption":"Restaurante Casa El Barba"},"image":{"@id":"https:\/\/casaelbarba.com\/#\/schema\/logo\/image\/"},"sameAs":["https:\/\/www.facebook.com\/profile.php?id=100063648904765","https:\/\/www.instagram.com\/restaurantecasaelbarba"]}]}},"taxonomy_info":[],"featured_image_src_large":false,"author_info":{"display_name":"hgrcontrol","author_link":"https:\/\/casaelbarba.com\/en\/author\/hgrcontrol\/"},"comment_info":0,"_links":{"self":[{"href":"https:\/\/casaelbarba.com\/en\/wp-json\/wp\/v2\/pages\/324","targetHints":{"allow":["GET"]}}],"collection":[{"href":"https:\/\/casaelbarba.com\/en\/wp-json\/wp\/v2\/pages"}],"about":[{"href":"https:\/\/casaelbarba.com\/en\/wp-json\/wp\/v2\/types\/page"}],"author":[{"embeddable":true,"href":"https:\/\/casaelbarba.com\/en\/wp-json\/wp\/v2\/users\/1"}],"replies":[{"embeddable":true,"href":"https:\/\/casaelbarba.com\/en\/wp-json\/wp\/v2\/comments?post=324"}],"version-history":[{"count":0,"href":"https:\/\/casaelbarba.com\/en\/wp-json\/wp\/v2\/pages\/324\/revisions"}],"wp:attachment":[{"href":"https:\/\/casaelbarba.com\/en\/wp-json\/wp\/v2\/media?parent=324"}],"curies":[{"name":"wp","href":"https:\/\/api.w.org\/{rel}","templated":true}]}}