{"id":325,"date":"2024-08-19T15:06:00","date_gmt":"2024-08-19T15:06:00","guid":{"rendered":"https:\/\/casaelbarba.com\/personalizar-cookies\/"},"modified":"2024-08-19T15:06:00","modified_gmt":"2024-08-19T15:06:00","slug":"personalizar-cookies","status":"publish","type":"page","link":"https:\/\/casaelbarba.com\/en\/personalizar-cookies\/","title":{"rendered":"Customize Cookies"},"content":{"rendered":"<div>\n      <div id=\"custom-cookies-eu-label\">\n          The website https:\/\/casaelbarba.com uses its own and third-party cookies for its proper functioning and for analytical purposes. By clicking the Accept button, you agree to the use of these technologies and the processing of your data for these purposes.          \n\n      <\/div>\n\n      <div id=\"custom-cookies-eu-buttons\" class=\"cookies-eu-buttons\">\n        <button id=\"custom-cookies-eu-reject\" class=\"cookies-eu-reject\">Decline<\/button>\n        <button id=\"custom-cookies-eu-accept\" class=\"cookies-eu-accept\">ACCEPT ALL COOKIES<\/button><\/div>\n      <\/div>\n\n<br\/>\n<p>\n\tYou can change your cookie preferences at any time by returning to the Customize Cookies page, which you can access via the Cookie Notice. To learn more about cookies and how we use them, please see the <a href=\"https:\/\/casaelbarba.com\/en\/politica-de-cookies\/\">Cookie Policy<\/a>.\n<\/p>\n\n<h3>Technical cookies<\/h3>\n<p>\n\tThese cookies allow registered users to browse the website, the restricted area, and use its various functions, such as the comment system or the search engine, and cannot be deactivated.\n<\/p>\n\n<div class=\"custom-cookies-option\">\n  <h3>Analysis or measurement cookies<\/h3>\n  <span>\n    <input type=\"radio\" name=\"cookies-analytics-option\" value=\"true\" class=\"custom-cookies-radio\" data-consent=\"ANLTCS\" id=\"custom-cookies-accept-analytics\" >\n    <label for=\"custom-cookies-accept-analytics\">Activate<\/label>\n    &nbsp;&nbsp;\n    <input type=\"radio\" name=\"cookies-analytics-option\" value=\"false\" class=\"custom-cookies-radio\" data-consent=\"ANLTCS\" id=\"custom-cookies-reject-analytics\" \n    checked>\n    <label for=\"custom-cookies-reject-analytics\">Deactivate<\/label>\n<\/span>\n<\/div>\n\n<p>\n\tThese cookies, whether processed by the website or by third parties, allow us to quantify the number of users and thus perform statistical measurements and analysis of website usage. To do this, we analyze your browsing habits on this website in order to improve it.\n<\/p>","protected":false},"excerpt":{"rendered":"<p>El sitio Web https:\/\/casaelbarba.com utiliza cookies propias y de terceros para su correcto funcionamiento y para fines anal\u00edticos. Al hacer clic en el bot\u00f3n Aceptar, acepta el uso de estas tecnolog\u00edas y el procesamiento de sus datos para estos prop\u00f3sitos. Rechazar ACEPTAR TODAS LAS COOKIES Puedes cambiar tus preferencias de cookies en cualquier momento si [&hellip;]<\/p>\n","protected":false},"author":1,"featured_media":0,"parent":0,"menu_order":0,"comment_status":"closed","ping_status":"closed","template":"","meta":{"_kad_blocks_custom_css":"","_kad_blocks_head_custom_js":"","_kad_blocks_body_custom_js":"","_kad_blocks_footer_custom_js":"","footnotes":""},"class_list":["post-325","page","type-page","status-publish","hentry"],"blocksy_meta":[],"yoast_head":"<!-- This site is optimized with the Yoast SEO plugin v27.0 - https:\/\/yoast.com\/product\/yoast-seo-wordpress\/ -->\n<title>Personalizar Cookies - Restaurante Casa El Barba<\/title>\n<meta name=\"robots\" content=\"index, follow, max-snippet:-1, max-image-preview:large, max-video-preview:-1\" \/>\n<link rel=\"canonical\" href=\"https:\/\/casaelbarba.com\/en\/personalizar-cookies\/\" \/>\n<meta property=\"og:locale\" content=\"en_GB\" \/>\n<meta property=\"og:type\" content=\"article\" \/>\n<meta property=\"og:title\" content=\"Personalizar Cookies - Restaurante Casa El Barba\" \/>\n<meta property=\"og:description\" content=\"El sitio Web https:\/\/casaelbarba.com utiliza cookies propias y de terceros para su correcto funcionamiento y para fines anal\u00edticos. Al hacer clic en el bot\u00f3n Aceptar, acepta el uso de estas tecnolog\u00edas y el procesamiento de sus datos para estos prop\u00f3sitos. Rechazar ACEPTAR TODAS LAS COOKIES Puedes cambiar tus preferencias de cookies en cualquier momento si [&hellip;]\" \/>\n<meta property=\"og:url\" content=\"https:\/\/casaelbarba.com\/en\/personalizar-cookies\/\" \/>\n<meta property=\"og:site_name\" content=\"Restaurante en Papagayo - Lanzarote | Casa El Barba\" \/>\n<meta property=\"article:publisher\" content=\"https:\/\/www.facebook.com\/profile.php?id=100063648904765\" \/>\n<meta property=\"og:image\" content=\"https:\/\/casaelbarba.com\/wp-content\/uploads\/2024\/08\/182641-restaurante-papagayo-lanzarote-1.jpg\" \/>\n\t<meta property=\"og:image:width\" content=\"1920\" \/>\n\t<meta property=\"og:image:height\" content=\"992\" \/>\n\t<meta property=\"og:image:type\" content=\"image\/jpeg\" \/>\n<meta name=\"twitter:card\" content=\"summary_large_image\" \/>\n<script type=\"application\/ld+json\" class=\"yoast-schema-graph\">{\"@context\":\"https:\/\/schema.org\",\"@graph\":[{\"@type\":\"WebPage\",\"@id\":\"https:\/\/casaelbarba.com\/personalizar-cookies\/\",\"url\":\"https:\/\/casaelbarba.com\/personalizar-cookies\/\",\"name\":\"Personalizar Cookies - Restaurante Casa El Barba\",\"isPartOf\":{\"@id\":\"https:\/\/casaelbarba.com\/#website\"},\"datePublished\":\"2024-08-19T15:06:00+00:00\",\"breadcrumb\":{\"@id\":\"https:\/\/casaelbarba.com\/personalizar-cookies\/#breadcrumb\"},\"inLanguage\":\"en-GB\",\"potentialAction\":[{\"@type\":\"ReadAction\",\"target\":[\"https:\/\/casaelbarba.com\/personalizar-cookies\/\"]}]},{\"@type\":\"BreadcrumbList\",\"@id\":\"https:\/\/casaelbarba.com\/personalizar-cookies\/#breadcrumb\",\"itemListElement\":[{\"@type\":\"ListItem\",\"position\":1,\"name\":\"Portada\",\"item\":\"https:\/\/casaelbarba.com\/\"},{\"@type\":\"ListItem\",\"position\":2,\"name\":\"Personalizar Cookies\"}]},{\"@type\":\"WebSite\",\"@id\":\"https:\/\/casaelbarba.com\/#website\",\"url\":\"https:\/\/casaelbarba.com\/\",\"name\":\"Restaurante en Papagayo - Lanzarote | Casa El Barba\",\"description\":\"Experiencia \u00fanica en la Playa de Papagayo, Lanzarote. Disfruta de este enclave magico en Restaurante Casa El Barba.\",\"publisher\":{\"@id\":\"https:\/\/casaelbarba.com\/#organization\"},\"alternateName\":\"Retaurante Casa El Barba en Papagayo, Lanzarote\",\"potentialAction\":[{\"@type\":\"SearchAction\",\"target\":{\"@type\":\"EntryPoint\",\"urlTemplate\":\"https:\/\/casaelbarba.com\/?s={search_term_string}\"},\"query-input\":{\"@type\":\"PropertyValueSpecification\",\"valueRequired\":true,\"valueName\":\"search_term_string\"}}],\"inLanguage\":\"en-GB\"},{\"@type\":\"Organization\",\"@id\":\"https:\/\/casaelbarba.com\/#organization\",\"name\":\"Restaurante Casa El Barba\",\"alternateName\":\"Casa El Barba\",\"url\":\"https:\/\/casaelbarba.com\/\",\"logo\":{\"@type\":\"ImageObject\",\"inLanguage\":\"en-GB\",\"@id\":\"https:\/\/casaelbarba.com\/#\/schema\/logo\/image\/\",\"url\":\"https:\/\/casaelbarba.com\/wp-content\/uploads\/2024\/08\/img12.jpg\",\"contentUrl\":\"https:\/\/casaelbarba.com\/wp-content\/uploads\/2024\/08\/img12.jpg\",\"width\":483,\"height\":505,\"caption\":\"Restaurante Casa El Barba\"},\"image\":{\"@id\":\"https:\/\/casaelbarba.com\/#\/schema\/logo\/image\/\"},\"sameAs\":[\"https:\/\/www.facebook.com\/profile.php?id=100063648904765\",\"https:\/\/www.instagram.com\/restaurantecasaelbarba\"]}]}<\/script>\n<!-- \/ Yoast SEO plugin. -->","yoast_head_json":{"title":"Personalizar Cookies - Restaurante Casa El Barba","robots":{"index":"index","follow":"follow","max-snippet":"max-snippet:-1","max-image-preview":"max-image-preview:large","max-video-preview":"max-video-preview:-1"},"canonical":"https:\/\/casaelbarba.com\/en\/personalizar-cookies\/","og_locale":"en_GB","og_type":"article","og_title":"Personalizar Cookies - Restaurante Casa El Barba","og_description":"El sitio Web https:\/\/casaelbarba.com utiliza cookies propias y de terceros para su correcto funcionamiento y para fines anal\u00edticos. Al hacer clic en el bot\u00f3n Aceptar, acepta el uso de estas tecnolog\u00edas y el procesamiento de sus datos para estos prop\u00f3sitos. Rechazar ACEPTAR TODAS LAS COOKIES Puedes cambiar tus preferencias de cookies en cualquier momento si [&hellip;]","og_url":"https:\/\/casaelbarba.com\/en\/personalizar-cookies\/","og_site_name":"Restaurante en Papagayo - Lanzarote | Casa El Barba","article_publisher":"https:\/\/www.facebook.com\/profile.php?id=100063648904765","og_image":[{"width":1920,"height":992,"url":"https:\/\/casaelbarba.com\/wp-content\/uploads\/2024\/08\/182641-restaurante-papagayo-lanzarote-1.jpg","type":"image\/jpeg"}],"twitter_card":"summary_large_image","schema":{"@context":"https:\/\/schema.org","@graph":[{"@type":"WebPage","@id":"https:\/\/casaelbarba.com\/personalizar-cookies\/","url":"https:\/\/casaelbarba.com\/personalizar-cookies\/","name":"Personalizar Cookies - Restaurante Casa El Barba","isPartOf":{"@id":"https:\/\/casaelbarba.com\/#website"},"datePublished":"2024-08-19T15:06:00+00:00","breadcrumb":{"@id":"https:\/\/casaelbarba.com\/personalizar-cookies\/#breadcrumb"},"inLanguage":"en-GB","potentialAction":[{"@type":"ReadAction","target":["https:\/\/casaelbarba.com\/personalizar-cookies\/"]}]},{"@type":"BreadcrumbList","@id":"https:\/\/casaelbarba.com\/personalizar-cookies\/#breadcrumb","itemListElement":[{"@type":"ListItem","position":1,"name":"Portada","item":"https:\/\/casaelbarba.com\/"},{"@type":"ListItem","position":2,"name":"Personalizar Cookies"}]},{"@type":"WebSite","@id":"https:\/\/casaelbarba.com\/#website","url":"https:\/\/casaelbarba.com\/","name":"Restaurant in Papagayo - Lanzarote | Casa El Barba","description":"A unique experience on Papagayo Beach, Lanzarote. Enjoy this magical spot at Casa El Barba Restaurant.","publisher":{"@id":"https:\/\/casaelbarba.com\/#organization"},"alternateName":"Retaurante Casa El Barba en Papagayo, Lanzarote","potentialAction":[{"@type":"SearchAction","target":{"@type":"EntryPoint","urlTemplate":"https:\/\/casaelbarba.com\/?s={search_term_string}"},"query-input":{"@type":"PropertyValueSpecification","valueRequired":true,"valueName":"search_term_string"}}],"inLanguage":"en-GB"},{"@type":"Organization","@id":"https:\/\/casaelbarba.com\/#organization","name":"The Beard House Restaurant","alternateName":"Casa El Barba","url":"https:\/\/casaelbarba.com\/","logo":{"@type":"ImageObject","inLanguage":"en-GB","@id":"https:\/\/casaelbarba.com\/#\/schema\/logo\/image\/","url":"https:\/\/casaelbarba.com\/wp-content\/uploads\/2024\/08\/img12.jpg","contentUrl":"https:\/\/casaelbarba.com\/wp-content\/uploads\/2024\/08\/img12.jpg","width":483,"height":505,"caption":"Restaurante Casa El Barba"},"image":{"@id":"https:\/\/casaelbarba.com\/#\/schema\/logo\/image\/"},"sameAs":["https:\/\/www.facebook.com\/profile.php?id=100063648904765","https:\/\/www.instagram.com\/restaurantecasaelbarba"]}]}},"taxonomy_info":[],"featured_image_src_large":false,"author_info":{"display_name":"hgrcontrol","author_link":"https:\/\/casaelbarba.com\/en\/author\/hgrcontrol\/"},"comment_info":0,"_links":{"self":[{"href":"https:\/\/casaelbarba.com\/en\/wp-json\/wp\/v2\/pages\/325","targetHints":{"allow":["GET"]}}],"collection":[{"href":"https:\/\/casaelbarba.com\/en\/wp-json\/wp\/v2\/pages"}],"about":[{"href":"https:\/\/casaelbarba.com\/en\/wp-json\/wp\/v2\/types\/page"}],"author":[{"embeddable":true,"href":"https:\/\/casaelbarba.com\/en\/wp-json\/wp\/v2\/users\/1"}],"replies":[{"embeddable":true,"href":"https:\/\/casaelbarba.com\/en\/wp-json\/wp\/v2\/comments?post=325"}],"version-history":[{"count":0,"href":"https:\/\/casaelbarba.com\/en\/wp-json\/wp\/v2\/pages\/325\/revisions"}],"wp:attachment":[{"href":"https:\/\/casaelbarba.com\/en\/wp-json\/wp\/v2\/media?parent=325"}],"curies":[{"name":"wp","href":"https:\/\/api.w.org\/{rel}","templated":true}]}}